{"id":3300,"date":"2023-10-02T10:44:35","date_gmt":"2023-10-02T09:44:35","guid":{"rendered":"https:\/\/aldugroep.nl\/?page_id=3300"},"modified":"2023-10-02T10:47:36","modified_gmt":"2023-10-02T09:47:36","slug":"samenwerking-met-praktijkschool-westfriesland","status":"publish","type":"page","link":"https:\/\/aldugroep.nl\/de\/samenwerking-met-praktijkschool-westfriesland\/","title":{"rendered":"Zusammenarbeit mit der Praktijkschool Westfriesland"},"content":{"rendered":"<div data-elementor-type=\"wp-post\" data-elementor-id=\"3300\" class=\"elementor elementor-3300\" data-elementor-post-type=\"page\">\n\t\t\t\t<div class=\"elementor-element elementor-element-874ef88 e-flex e-con-boxed e-con e-parent\" data-id=\"874ef88\" data-element_type=\"container\" data-e-type=\"container\" data-settings=\"{&quot;background_background&quot;:&quot;gradient&quot;}\">\n\t\t\t\t\t<div class=\"e-con-inner\">\n\t\t<div class=\"elementor-element elementor-element-b00dd2d e-con-full e-flex e-con e-child\" data-id=\"b00dd2d\" data-element_type=\"container\" data-e-type=\"container\">\n\t\t\t\t<div class=\"elementor-element elementor-element-a055af2 elementor-widget elementor-widget-heading\" data-id=\"a055af2\" data-element_type=\"widget\" data-e-type=\"widget\" data-widget_type=\"heading.default\">\n\t\t\t\t<div class=\"elementor-widget-container\">\n\t\t\t\t\t<h1 class=\"elementor-heading-title elementor-size-default\">Eine Zusammenarbeit mit der Praktijkschool Westfriesland<\/h1>\t\t\t\t<\/div>\n\t\t\t\t<\/div>\n\t\t\t\t<div class=\"elementor-element elementor-element-772e08c elementor-widget elementor-widget-text-editor\" data-id=\"772e08c\" data-element_type=\"widget\" data-e-type=\"widget\" data-widget_type=\"text-editor.default\">\n\t\t\t\t<div class=\"elementor-widget-container\">\n\t\t\t\t\t\t\t\t\t<p>Wir bei ALDU fasteners sind stolz darauf, Teil einer besonderen Partnerschaft mit der Praktijkschool Westfriesland zu sein. Unsere Leidenschaft f\u00fcr Wachstum, Lernen und Entwicklung hat uns in einer Partnerschaft zusammengebracht, die nicht nur unser Unternehmen st\u00e4rkt, sondern auch einen Beitrag zur Zukunft junger Talente leistet.<\/p>\t\t\t\t\t\t\t\t<\/div>\n\t\t\t\t<\/div>\n\t\t\t\t<\/div>\n\t\t\t\t\t<\/div>\n\t\t\t\t<\/div>\n\t\t<div class=\"elementor-element elementor-element-71984b6 e-flex e-con-boxed e-con e-parent\" data-id=\"71984b6\" data-element_type=\"container\" data-e-type=\"container\">\n\t\t\t\t\t<div class=\"e-con-inner\">\n\t\t<div class=\"elementor-element elementor-element-6bf0328 e-con-full e-flex e-con e-child\" data-id=\"6bf0328\" data-element_type=\"container\" data-e-type=\"container\">\n\t\t\t\t<div class=\"elementor-element elementor-element-e20f5bf elementor-widget elementor-widget-image\" data-id=\"e20f5bf\" data-element_type=\"widget\" data-e-type=\"widget\" data-widget_type=\"image.default\">\n\t\t\t\t<div class=\"elementor-widget-container\">\n\t\t\t\t\t\t\t\t\t\t\t\t\t\t\t<img fetchpriority=\"high\" decoding=\"async\" width=\"800\" height=\"800\" src=\"https:\/\/aldugroep.nl\/wp-content\/uploads\/2023\/10\/huiswerk.webp\" class=\"attachment-large size-large wp-image-3305\" alt=\"\" srcset=\"https:\/\/aldugroep.nl\/wp-content\/uploads\/2023\/10\/huiswerk.webp 1000w, https:\/\/aldugroep.nl\/wp-content\/uploads\/2023\/10\/huiswerk-300x300.webp 300w, https:\/\/aldugroep.nl\/wp-content\/uploads\/2023\/10\/huiswerk-150x150.webp 150w, https:\/\/aldugroep.nl\/wp-content\/uploads\/2023\/10\/huiswerk-768x768.webp 768w, https:\/\/aldugroep.nl\/wp-content\/uploads\/2023\/10\/huiswerk-12x12.webp 12w\" sizes=\"(max-width: 800px) 100vw, 800px\" \/>\t\t\t\t\t\t\t\t\t\t\t\t\t\t\t<\/div>\n\t\t\t\t<\/div>\n\t\t\t\t<\/div>\n\t\t<div class=\"elementor-element elementor-element-3f7dd56 e-con-full e-flex e-con e-child\" data-id=\"3f7dd56\" data-element_type=\"container\" data-e-type=\"container\">\n\t\t\t\t<div class=\"elementor-element elementor-element-003087b elementor-widget elementor-widget-heading\" data-id=\"003087b\" data-element_type=\"widget\" data-e-type=\"widget\" data-widget_type=\"heading.default\">\n\t\t\t\t<div class=\"elementor-widget-container\">\n\t\t\t\t\t<h2 class=\"elementor-heading-title elementor-size-default\">Die n\u00e4chste Generation<\/h2>\t\t\t\t<\/div>\n\t\t\t\t<\/div>\n\t\t\t\t<div class=\"elementor-element elementor-element-51eb9a5 elementor-widget elementor-widget-text-editor\" data-id=\"51eb9a5\" data-element_type=\"widget\" data-e-type=\"widget\" data-widget_type=\"text-editor.default\">\n\t\t\t\t<div class=\"elementor-widget-container\">\n\t\t\t\t\t\t\t\t\t<p>Als Unternehmen legen wir gro\u00dfen Wert auf die soziale Verantwortung von Unternehmen und die Rolle, die wir in unserer lokalen Gemeinschaft spielen. Aus diesem Grund haben wir uns mit der Praktijkschool Westfriesland zusammengetan, einer angesehenen Einrichtung, die sich dem praxisnahen Unterricht und der Betreuung von Sch\u00fclern widmet.<\/p><p>Unsere Zusammenarbeit mit der Praktijkschool Westfriesland basiert auf gegenseitigem Respekt und einem gemeinsamen Ziel: die n\u00e4chste Generation zu inspirieren und zu f\u00f6rdern. Wir haben das Privileg, Studenten der Praktijkschool Westfriesland f\u00fcr Praktika, Praktika und Mentoring in unserem Team willkommen zu hei\u00dfen. Dies gibt ihnen die M\u00f6glichkeit, wertvolle Erfahrungen in einem realen Arbeitsumfeld zu sammeln, ihre F\u00e4higkeiten zu entwickeln und zu entdecken, wo ihre Leidenschaft und ihre Talente liegen.<\/p>\t\t\t\t\t\t\t\t<\/div>\n\t\t\t\t<\/div>\n\t\t\t\t<\/div>\n\t\t\t\t\t<\/div>\n\t\t\t\t<\/div>\n\t\t<div class=\"elementor-element elementor-element-12b30a6 e-flex e-con-boxed e-con e-parent\" data-id=\"12b30a6\" data-element_type=\"container\" data-e-type=\"container\">\n\t\t\t\t\t<div class=\"e-con-inner\">\n\t\t<div class=\"elementor-element elementor-element-9b0ca8f e-con-full e-flex e-con e-child\" data-id=\"9b0ca8f\" data-element_type=\"container\" data-e-type=\"container\">\n\t\t\t\t<div class=\"elementor-element elementor-element-fc0a10e elementor-widget elementor-widget-heading\" data-id=\"fc0a10e\" data-element_type=\"widget\" data-e-type=\"widget\" data-widget_type=\"heading.default\">\n\t\t\t\t<div class=\"elementor-widget-container\">\n\t\t\t\t\t<h2 class=\"elementor-heading-title elementor-size-default\">Die Mittel geben, um zu gl\u00e4nzen<\/h2>\t\t\t\t<\/div>\n\t\t\t\t<\/div>\n\t\t\t\t<div class=\"elementor-element elementor-element-c6be629 elementor-widget elementor-widget-text-editor\" data-id=\"c6be629\" data-element_type=\"widget\" data-e-type=\"widget\" data-widget_type=\"text-editor.default\">\n\t\t\t\t<div class=\"elementor-widget-container\">\n\t\t\t\t\t\t\t\t\t<p>Wir glauben an die F\u00f6rderung von Talenten und das Wachstum von Unternehmen. Gemeinsam mit der Praktijkschool Westfriesland helfen wir diesen jungen F\u00fchrungskr\u00e4ften von morgen, sich selbst zu entdecken, ihr Potenzial zu erkennen und die F\u00e4higkeiten und Kenntnisse zu erwerben, die sie f\u00fcr den Erfolg in der heutigen Welt ben\u00f6tigen.<\/p><p>Durch unsere Partnerschaft mit der Praktijkschool Westfriesland engagieren wir uns f\u00fcr die F\u00f6rderung junger Menschen und f\u00fcr eine hervorragende Ausbildung. Wir sind gespannt auf die Zukunft und die M\u00f6glichkeiten, die diese Partnerschaft bietet. Gemeinsam bauen wir eine bessere, st\u00e4rkere Gemeinschaft auf und geben der n\u00e4chsten Generation das R\u00fcstzeug, um zu gl\u00e4nzen.<\/p><p>Wir bei ALDU fasteners sind stolz darauf, unsere Leidenschaft f\u00fcr den Erfolg mit der Praktijkschool Westfriesland zu teilen und freuen uns auf eine fruchtbare Zusammenarbeit, in der wir gemeinsam den Weg f\u00fcr zuk\u00fcnftige Erfolge und Wachstum ebnen.<\/p>\t\t\t\t\t\t\t\t<\/div>\n\t\t\t\t<\/div>\n\t\t\t\t<\/div>\n\t\t<div class=\"elementor-element elementor-element-7746378 e-con-full e-flex e-con e-child\" data-id=\"7746378\" data-element_type=\"container\" data-e-type=\"container\">\n\t\t\t\t<div class=\"elementor-element elementor-element-d6748cc elementor-widget elementor-widget-image\" data-id=\"d6748cc\" data-element_type=\"widget\" data-e-type=\"widget\" data-widget_type=\"image.default\">\n\t\t\t\t<div class=\"elementor-widget-container\">\n\t\t\t\t\t\t\t\t\t\t\t\t\t\t\t<img decoding=\"async\" width=\"800\" height=\"800\" src=\"https:\/\/aldugroep.nl\/wp-content\/uploads\/2023\/10\/huiswerk-2.webp\" class=\"attachment-large size-large wp-image-3306\" alt=\"\" srcset=\"https:\/\/aldugroep.nl\/wp-content\/uploads\/2023\/10\/huiswerk-2.webp 1000w, https:\/\/aldugroep.nl\/wp-content\/uploads\/2023\/10\/huiswerk-2-300x300.webp 300w, https:\/\/aldugroep.nl\/wp-content\/uploads\/2023\/10\/huiswerk-2-150x150.webp 150w, https:\/\/aldugroep.nl\/wp-content\/uploads\/2023\/10\/huiswerk-2-768x768.webp 768w, https:\/\/aldugroep.nl\/wp-content\/uploads\/2023\/10\/huiswerk-2-12x12.webp 12w\" sizes=\"(max-width: 800px) 100vw, 800px\" \/>\t\t\t\t\t\t\t\t\t\t\t\t\t\t\t<\/div>\n\t\t\t\t<\/div>\n\t\t\t\t<\/div>\n\t\t\t\t\t<\/div>\n\t\t\t\t<\/div>\n\t\t\t\t<\/div>","protected":false},"excerpt":{"rendered":"<p>Wir bei ALDU fasteners sind stolz darauf, Teil einer besonderen Partnerschaft mit der Praktijkschool Westfriesland zu sein. Unsere Leidenschaft f\u00fcr Wachstum, Lernen und Entwicklung hat uns in einer Partnerschaft zusammengebracht, die nicht nur unser Unternehmen st\u00e4rkt, sondern auch einen Beitrag zur Zukunft junger Talente leistet.<\/p>","protected":false},"author":1321,"featured_media":3306,"parent":0,"menu_order":0,"comment_status":"closed","ping_status":"closed","template":"","meta":{"_acf_changed":false,"footnotes":""},"class_list":["post-3300","page","type-page","status-publish","has-post-thumbnail","hentry"],"acf":[],"yoast_head":"<!-- This site is optimized with the Yoast SEO plugin v26.6 - https:\/\/yoast.com\/wordpress\/plugins\/seo\/ -->\n<title>Samenwerking met Praktijkschool Westfriesland - Aldu Bevestigingsmaterialen<\/title>\n<meta name=\"robots\" content=\"index, follow, max-snippet:-1, max-image-preview:large, max-video-preview:-1\" \/>\n<link rel=\"canonical\" href=\"https:\/\/aldugroep.nl\/de\/samenwerking-met-praktijkschool-westfriesland\/\" \/>\n<meta property=\"og:locale\" content=\"de_DE\" \/>\n<meta property=\"og:type\" content=\"article\" \/>\n<meta property=\"og:title\" content=\"Samenwerking met Praktijkschool Westfriesland - Aldu Bevestigingsmaterialen\" \/>\n<meta property=\"og:description\" content=\"Bij ALDU bevestigingsmaterialen zijn we trots om deel uit te maken van een bijzondere samenwerking met Praktijkschool Westfriesland. Onze passie voor groei, leren en ontwikkeling heeft ons samengebracht in een partnerschap dat niet alleen onze organisatie versterkt, maar ook bijdraagt aan de toekomst van jonge talenten.\" \/>\n<meta property=\"og:url\" content=\"https:\/\/aldugroep.nl\/de\/samenwerking-met-praktijkschool-westfriesland\/\" \/>\n<meta property=\"og:site_name\" content=\"Aldu Bevestigingsmaterialen\" \/>\n<meta property=\"article:modified_time\" content=\"2023-10-02T09:47:36+00:00\" \/>\n<meta property=\"og:image\" content=\"https:\/\/aldugroep.nl\/wp-content\/uploads\/2023\/10\/huiswerk-2.webp\" \/>\n\t<meta property=\"og:image:width\" content=\"1000\" \/>\n\t<meta property=\"og:image:height\" content=\"1000\" \/>\n\t<meta property=\"og:image:type\" content=\"image\/webp\" \/>\n<meta name=\"twitter:card\" content=\"summary_large_image\" \/>\n<meta name=\"twitter:label1\" content=\"Gesch\u00e4tzte Lesezeit\" \/>\n\t<meta name=\"twitter:data1\" content=\"2\u00a0Minuten\" \/>\n<script type=\"application\/ld+json\" class=\"yoast-schema-graph\">{\"@context\":\"https:\/\/schema.org\",\"@graph\":[{\"@type\":\"WebPage\",\"@id\":\"https:\/\/aldugroep.nl\/samenwerking-met-praktijkschool-westfriesland\/\",\"url\":\"https:\/\/aldugroep.nl\/samenwerking-met-praktijkschool-westfriesland\/\",\"name\":\"Samenwerking met Praktijkschool Westfriesland - Aldu Bevestigingsmaterialen\",\"isPartOf\":{\"@id\":\"https:\/\/aldugroep.nl\/#website\"},\"primaryImageOfPage\":{\"@id\":\"https:\/\/aldugroep.nl\/samenwerking-met-praktijkschool-westfriesland\/#primaryimage\"},\"image\":{\"@id\":\"https:\/\/aldugroep.nl\/samenwerking-met-praktijkschool-westfriesland\/#primaryimage\"},\"thumbnailUrl\":\"https:\/\/aldugroep.nl\/wp-content\/uploads\/2023\/10\/huiswerk-2.webp\",\"datePublished\":\"2023-10-02T09:44:35+00:00\",\"dateModified\":\"2023-10-02T09:47:36+00:00\",\"breadcrumb\":{\"@id\":\"https:\/\/aldugroep.nl\/samenwerking-met-praktijkschool-westfriesland\/#breadcrumb\"},\"inLanguage\":\"de\",\"potentialAction\":[{\"@type\":\"ReadAction\",\"target\":[\"https:\/\/aldugroep.nl\/samenwerking-met-praktijkschool-westfriesland\/\"]}]},{\"@type\":\"ImageObject\",\"inLanguage\":\"de\",\"@id\":\"https:\/\/aldugroep.nl\/samenwerking-met-praktijkschool-westfriesland\/#primaryimage\",\"url\":\"https:\/\/aldugroep.nl\/wp-content\/uploads\/2023\/10\/huiswerk-2.webp\",\"contentUrl\":\"https:\/\/aldugroep.nl\/wp-content\/uploads\/2023\/10\/huiswerk-2.webp\",\"width\":1000,\"height\":1000},{\"@type\":\"BreadcrumbList\",\"@id\":\"https:\/\/aldugroep.nl\/samenwerking-met-praktijkschool-westfriesland\/#breadcrumb\",\"itemListElement\":[{\"@type\":\"ListItem\",\"position\":1,\"name\":\"ALDU\",\"item\":\"https:\/\/aldugroep.nl\/\"},{\"@type\":\"ListItem\",\"position\":2,\"name\":\"Samenwerking met Praktijkschool Westfriesland\"}]},{\"@type\":\"WebSite\",\"@id\":\"https:\/\/aldugroep.nl\/#website\",\"url\":\"https:\/\/aldugroep.nl\/\",\"name\":\"Aldu bevestigingsmaterialen\",\"description\":\"Specialisten met passie voor bevestigingsmaterialen\",\"publisher\":{\"@id\":\"https:\/\/aldugroep.nl\/#organization\"},\"potentialAction\":[{\"@type\":\"SearchAction\",\"target\":{\"@type\":\"EntryPoint\",\"urlTemplate\":\"https:\/\/aldugroep.nl\/?s={search_term_string}\"},\"query-input\":{\"@type\":\"PropertyValueSpecification\",\"valueRequired\":true,\"valueName\":\"search_term_string\"}}],\"inLanguage\":\"de\"},{\"@type\":\"Organization\",\"@id\":\"https:\/\/aldugroep.nl\/#organization\",\"name\":\"ALDU\",\"alternateName\":\"ALDU Groep\",\"url\":\"https:\/\/aldugroep.nl\/\",\"logo\":{\"@type\":\"ImageObject\",\"inLanguage\":\"de\",\"@id\":\"https:\/\/aldugroep.nl\/#\/schema\/logo\/image\/\",\"url\":\"https:\/\/aldugroep.nl\/wp-content\/uploads\/2023\/02\/ALDU-bevestigingsmaterialen-logo-2.png\",\"contentUrl\":\"https:\/\/aldugroep.nl\/wp-content\/uploads\/2023\/02\/ALDU-bevestigingsmaterialen-logo-2.png\",\"width\":615,\"height\":114,\"caption\":\"ALDU\"},\"image\":{\"@id\":\"https:\/\/aldugroep.nl\/#\/schema\/logo\/image\/\"},\"sameAs\":[\"https:\/\/www.linkedin.com\/company\/aldugroep\/about\/\"]}]}<\/script>\n<!-- \/ Yoast SEO plugin. -->","yoast_head_json":{"title":"Samenwerking met Praktijkschool Westfriesland - Aldu Bevestigingsmaterialen","robots":{"index":"index","follow":"follow","max-snippet":"max-snippet:-1","max-image-preview":"max-image-preview:large","max-video-preview":"max-video-preview:-1"},"canonical":"https:\/\/aldugroep.nl\/de\/samenwerking-met-praktijkschool-westfriesland\/","og_locale":"de_DE","og_type":"article","og_title":"Samenwerking met Praktijkschool Westfriesland - Aldu Bevestigingsmaterialen","og_description":"Bij ALDU bevestigingsmaterialen zijn we trots om deel uit te maken van een bijzondere samenwerking met Praktijkschool Westfriesland. Onze passie voor groei, leren en ontwikkeling heeft ons samengebracht in een partnerschap dat niet alleen onze organisatie versterkt, maar ook bijdraagt aan de toekomst van jonge talenten.","og_url":"https:\/\/aldugroep.nl\/de\/samenwerking-met-praktijkschool-westfriesland\/","og_site_name":"Aldu Bevestigingsmaterialen","article_modified_time":"2023-10-02T09:47:36+00:00","og_image":[{"width":1000,"height":1000,"url":"https:\/\/aldugroep.nl\/wp-content\/uploads\/2023\/10\/huiswerk-2.webp","type":"image\/webp"}],"twitter_card":"summary_large_image","twitter_misc":{"Gesch\u00e4tzte Lesezeit":"2\u00a0Minuten"},"schema":{"@context":"https:\/\/schema.org","@graph":[{"@type":"WebPage","@id":"https:\/\/aldugroep.nl\/samenwerking-met-praktijkschool-westfriesland\/","url":"https:\/\/aldugroep.nl\/samenwerking-met-praktijkschool-westfriesland\/","name":"Samenwerking met Praktijkschool Westfriesland - Aldu Bevestigingsmaterialen","isPartOf":{"@id":"https:\/\/aldugroep.nl\/#website"},"primaryImageOfPage":{"@id":"https:\/\/aldugroep.nl\/samenwerking-met-praktijkschool-westfriesland\/#primaryimage"},"image":{"@id":"https:\/\/aldugroep.nl\/samenwerking-met-praktijkschool-westfriesland\/#primaryimage"},"thumbnailUrl":"https:\/\/aldugroep.nl\/wp-content\/uploads\/2023\/10\/huiswerk-2.webp","datePublished":"2023-10-02T09:44:35+00:00","dateModified":"2023-10-02T09:47:36+00:00","breadcrumb":{"@id":"https:\/\/aldugroep.nl\/samenwerking-met-praktijkschool-westfriesland\/#breadcrumb"},"inLanguage":"de","potentialAction":[{"@type":"ReadAction","target":["https:\/\/aldugroep.nl\/samenwerking-met-praktijkschool-westfriesland\/"]}]},{"@type":"ImageObject","inLanguage":"de","@id":"https:\/\/aldugroep.nl\/samenwerking-met-praktijkschool-westfriesland\/#primaryimage","url":"https:\/\/aldugroep.nl\/wp-content\/uploads\/2023\/10\/huiswerk-2.webp","contentUrl":"https:\/\/aldugroep.nl\/wp-content\/uploads\/2023\/10\/huiswerk-2.webp","width":1000,"height":1000},{"@type":"BreadcrumbList","@id":"https:\/\/aldugroep.nl\/samenwerking-met-praktijkschool-westfriesland\/#breadcrumb","itemListElement":[{"@type":"ListItem","position":1,"name":"ALDU","item":"https:\/\/aldugroep.nl\/"},{"@type":"ListItem","position":2,"name":"Samenwerking met Praktijkschool Westfriesland"}]},{"@type":"WebSite","@id":"https:\/\/aldugroep.nl\/#website","url":"https:\/\/aldugroep.nl\/","name":"Aldu Verschl\u00fcsse","description":"Spezialisten mit Leidenschaft f\u00fcr Befestigungselemente","publisher":{"@id":"https:\/\/aldugroep.nl\/#organization"},"potentialAction":[{"@type":"SearchAction","target":{"@type":"EntryPoint","urlTemplate":"https:\/\/aldugroep.nl\/?s={search_term_string}"},"query-input":{"@type":"PropertyValueSpecification","valueRequired":true,"valueName":"search_term_string"}}],"inLanguage":"de"},{"@type":"Organization","@id":"https:\/\/aldugroep.nl\/#organization","name":"ALDU","alternateName":"ALDU Groep","url":"https:\/\/aldugroep.nl\/","logo":{"@type":"ImageObject","inLanguage":"de","@id":"https:\/\/aldugroep.nl\/#\/schema\/logo\/image\/","url":"https:\/\/aldugroep.nl\/wp-content\/uploads\/2023\/02\/ALDU-bevestigingsmaterialen-logo-2.png","contentUrl":"https:\/\/aldugroep.nl\/wp-content\/uploads\/2023\/02\/ALDU-bevestigingsmaterialen-logo-2.png","width":615,"height":114,"caption":"ALDU"},"image":{"@id":"https:\/\/aldugroep.nl\/#\/schema\/logo\/image\/"},"sameAs":["https:\/\/www.linkedin.com\/company\/aldugroep\/about\/"]}]}},"_links":{"self":[{"href":"https:\/\/aldugroep.nl\/de\/wp-json\/wp\/v2\/pages\/3300","targetHints":{"allow":["GET"]}}],"collection":[{"href":"https:\/\/aldugroep.nl\/de\/wp-json\/wp\/v2\/pages"}],"about":[{"href":"https:\/\/aldugroep.nl\/de\/wp-json\/wp\/v2\/types\/page"}],"author":[{"embeddable":true,"href":"https:\/\/aldugroep.nl\/de\/wp-json\/wp\/v2\/users\/1321"}],"replies":[{"embeddable":true,"href":"https:\/\/aldugroep.nl\/de\/wp-json\/wp\/v2\/comments?post=3300"}],"version-history":[{"count":12,"href":"https:\/\/aldugroep.nl\/de\/wp-json\/wp\/v2\/pages\/3300\/revisions"}],"predecessor-version":[{"id":3315,"href":"https:\/\/aldugroep.nl\/de\/wp-json\/wp\/v2\/pages\/3300\/revisions\/3315"}],"wp:featuredmedia":[{"embeddable":true,"href":"https:\/\/aldugroep.nl\/de\/wp-json\/wp\/v2\/media\/3306"}],"wp:attachment":[{"href":"https:\/\/aldugroep.nl\/de\/wp-json\/wp\/v2\/media?parent=3300"}],"curies":[{"name":"wp","href":"https:\/\/api.w.org\/{rel}","templated":true}]}}